{"id":845,"date":"2021-03-29T12:57:41","date_gmt":"2021-03-29T12:57:41","guid":{"rendered":"https:\/\/advokatgoranmarkovic.com\/?page_id=845"},"modified":"2023-11-06T12:07:29","modified_gmt":"2023-11-06T12:07:29","slug":"docent-dr-milan-jecmenic","status":"publish","type":"page","link":"https:\/\/advokatgoranmarkovic.com\/en\/docent-dr-milan-jecmenic\/","title":{"rendered":"Assistant professor Phd Milan Je\u010dmeni\u0107"},"content":{"rendered":"<p><strong>Biography of assistant professor Ph.D. Milan Je\u010dmeni\u0107:<\/strong><\/p>\n\n\n\n<p>-He graduated from the Faculty of Law in Kragujevac, on August 27, 2009. years<\/p>\n\n\n<div class=\"wp-block-image\">\n<figure class=\"alignleft size-large is-resized\"><img decoding=\"async\" src=\"https:\/\/advokatgoranmarkovic.com\/wp-content\/uploads\/2021\/03\/foto-Milan-Jecmenic.jpg\" alt=\"\" class=\"wp-image-825\" style=\"width:254px;height:451px\"\/><\/figure>\n<\/div>\n\n\n<p>-He defended his doctoral dissertation \"Sponsorship Agreement\" on September 11, 2018. at the Faculty of Law in Kragujevac.<\/p>\n\n\n\n<p>-He was an associate in teaching at the Faculty of Law in Kragujevac in the period from October 1, 2016. until 30.09.2018. years.<\/p>\n\n\n\n<p>&#8211; \u0418\u0437\u0430\u0431\u0440\u0430\u043d \u0458\u0435 2021. \u0433\u043e\u0434\u0438\u043d\u0435 \u0437\u0430 \u0434\u043e\u0446\u0435\u043d\u0442\u0430 \u043d\u0430 \u041f\u043e\u0441\u043b\u043e\u0432\u043d\u043e\u043c \u0438 \u043f\u0440\u0430\u0432\u043d\u043e\u043c \u0444\u0430\u043a\u0443\u043b\u0442\u0435\u0442\u0443 \u0423\u043d\u0438\u0432\u0435\u0440\u0437\u0438\u0442\u0435\u0442\u0430 \u041c\u0411.<\/p>\n\n\n\n<p>- He has been an associate with lawyer Goran Markovic from Kragujevac since January 7, 2018. years.<\/p>\n\n\n\n<p>- He speaks German.<\/p>\n\n\n\n<p>- Work on a computer: work on MS Office package (Word, Excel), E-mail and Internet.<\/p>\n\n\n\n<p><strong>List of published works:<\/strong><strong><\/strong><\/p>\n\n\n\n<ol class=\"wp-block-list\" type=\"1\">\n<li>\u0408\u0435\u0447\u043c\u0435\u043d\u0438\u045b, \u041c., <em>\u041e\u0434\u0433\u043e\u0432\u043e\u0440\u043d\u043e\u0441\u0442 \u0437\u0430 \u0448\u0442\u0435\u0442\u0443 \u0437\u0431\u043e\u0433 \u0443\u0441\u043a\u0440\u0430\u045b\u0438\u0432\u0430\u045a\u0430 \u043d\u0435\u043e\u043f\u0445\u043e\u0434\u043d\u0435 \u043f\u043e\u043c\u043e\u045b\u0438<\/em>, \u0421\u0442\u0440\u0430\u043d\u0438 \u043f\u0440\u0430\u0432\u043d\u0438 \u0436\u0438\u0432\u043e\u0442, \u0431\u0440. 2 (2012), \u0441\u0442\u0440. 352-367, (ISSN&nbsp;0039-2138, COBISS.SR-ID&nbsp;515497148), <strong>\u041c51.<\/strong><\/li>\n\n\n\n<li>\u0408\u0435\u0447\u043c\u0435\u043d\u0438\u045b, \u041c., <em>\u0423\u0433\u043e\u0432\u043e\u0440 \u043e \u043f\u043e\u0441\u0440\u0435\u0434\u043e\u0432\u0430\u045a\u0443 \u0443 \u0441\u043f\u043e\u0440\u0442\u0443<\/em>, \u0413\u043b\u0430\u0441\u043d\u0438\u043a \u043f\u0440\u0430\u0432\u0430, \u0415\u043b\u0435\u043a\u0442\u0440\u043e\u043d\u0441\u043a\u0438 \u0438\u0437\u0432\u043e\u0440, \u0413\u043e\u0434. 3, \u0431\u0440. 2 (2012), \u0441\u0442\u0440. 37-51, <a href=\"http:\/\/www.jura.kg.ac.rs\/index.php\/sr\/gpcir-2-2012.htm\"><u>www.jura.kg.ac.rs\/index.php\/sr\/gpcir-2-2012.htm<\/u><\/a>,&nbsp;(ISSN 1821-4630, COBISS.SR-ID&nbsp;208940812), <strong>\u041c54.<\/strong><\/li>\n\n\n\n<li>\u0408\u0435\u0447\u043c\u0435\u043d\u0438\u045b, \u041c., <em>\u041f\u043e\u0432\u0440\u0435\u0434\u0430 \u043d\u0430\u0447\u0435\u043b\u0430 \u0441\u0430\u0432\u0435\u0441\u043d\u043e\u0441\u0442\u0438 \u0438 \u043f\u043e\u0448\u0442\u0435\u045a\u0430 \u0438 \u0437\u043b\u043e\u0443\u043f\u043e\u0442\u0440\u0435\u0431\u0430 \u043f\u0440\u0430\u0432\u0430 \u0438\u0437 \u0443\u0433\u043e\u0432\u043e\u0440\u0430 \u043e \u0434\u043e\u0436\u0438\u0432\u043e\u0442\u043d\u043e\u043c \u0438\u0437\u0434\u0440\u0436\u0430\u0432\u0430\u045a\u0443<\/em>, \u0413\u043b\u0430\u0441\u043d\u0438\u043a \u0410\u0434\u0432\u043e\u043a\u0430\u0442\u0441\u043a\u0435 \u043a\u043e\u043c\u043e\u0440\u0435 \u0412\u043e\u0458\u0432\u043e\u0434\u0438\u043d\u0435, \u0413\u043e\u0434. 85, \u043a\u045a. 73, \u0431\u0440. 5 (2013), \u0441\u0442\u0440. 225-236, (ISSN 0017-0933, COBISS.SR-ID&nbsp;280323335), <strong>\u041c53.<\/strong><\/li>\n\n\n\n<li>\u0412\u0443\u043a\u043e\u0432\u0438\u045b, \u0417., \u0408\u0435\u0447\u043c\u0435\u043d\u0438\u045b, \u041c., <em>\u041f\u0440\u0430\u0432\u043d\u0430 \u043f\u0440\u0438\u0440\u043e\u0434\u0430 \u0443\u0433\u043e\u0432\u043e\u0440\u0430 \u043a\u043e\u0458\u0435 \u0441\u043f\u043e\u0440\u0442\u0441\u043a\u0438 \u0430\u0433\u0435\u043d\u0442\u0438 \u0437\u0430\u043a\u0459\u0443\u0447\u0443\u0458\u0443 \u0441\u0430 \u0441\u043f\u043e\u0440\u0442\u0438\u0441\u0442\u0438\u043c\u0430 \u0438 \u0441\u043f\u043e\u0440\u0442\u0441\u043a\u0438\u043c \u043a\u043b\u0443\u0431\u043e\u0432\u0438\u043c\u0430<\/em>, \u041f\u0440\u0430\u0432\u043d\u0438 \u0436\u0438\u0432\u043e\u0442, \u0413\u043e\u0434. 62, \u043a\u045a. 563, \u0431\u0440. 9 (2013), \u0441\u0442\u0440. 677-688, (ISSN 0350-0500, COBISS.SR-ID&nbsp;516324540), <strong>\u041c51.<\/strong><\/li>\n\n\n\n<li>\u0408\u0435\u0447\u043c\u0435\u043d\u0438\u045b, \u041c., <em>\u0423\u0433\u043e\u0432\u043e\u0440 \u043e \u0441\u043f\u043e\u043d\u0437\u043e\u0440\u0441\u0442\u0432\u0443 \u0438 \u043f\u043e\u0432\u0440\u0435\u0434\u0430 \u043a\u043e\u043d\u043a\u0443\u0440\u0435\u043d\u0446\u0438\u0458\u0435 \u043a\u0440\u043e\u0437 \u043f\u0440\u0430\u043a\u0441\u0443 \u0444\u0440\u0430\u043d\u0446\u0443\u0441\u043a\u043e\u0433 \u0421\u0430\u0432\u0435\u0442\u0430 (\u0410\u0443\u0442\u043e\u0440\u0438\u0442\u0435\u0442\u0430) \u0437\u0430 \u043a\u043e\u043d\u043a\u0443\u0440\u0435\u043d\u0442\u043d\u043e\u0441\u0442<\/em>, \u041f\u0440\u0430\u0432\u043e \u0438 \u043f\u0440\u0438\u0432\u0440\u0435\u0434\u0430, \u0413\u043e\u0434. 55, \u0431\u0440. 4\/6 (2017), \u0441\u0442\u0440. 337-347, (ISSN 0354-3501, COBISS.SR-ID 517373116), <strong>\u041c51.<\/strong><\/li>\n\n\n\n<li>\u0408\u0435\u0447\u043c\u0435\u043d\u0438\u045b, \u041c., <em>\u0423\u0433\u043e\u0432\u043e\u0440 \u043e \u0441\u043f\u043e\u043d\u0437\u043e\u0440\u0441\u0442\u0432\u0443 \u043a\u0443\u043b\u0442\u0443\u0440\u0435 \u0438 \u0443\u043c\u0435\u0442\u043d\u043e\u0441\u0442\u0438<\/em>, \u0423\u0441\u043b\u0443\u0433\u0435 \u0438 \u043e\u0434\u0433\u043e\u0432\u043e\u0440\u043d\u043e\u0441\u0442: (\u0417\u0431\u043e\u0440\u043d\u0438\u043a \u0440\u0435\u0444\u0435\u0440\u0430\u0442\u0430 \u0441\u0430 \u041c\u0435\u0452\u0443\u043d\u0430\u0440\u043e\u0434\u043d\u043e\u0433 \u043d\u0430\u0443\u0447\u043d\u043e\u0433 \u0441\u043a\u0443\u043f\u0430 \u043e\u0434\u0440\u0436\u0430\u043d\u043e\u0433 19.05.2017.), \u0441\u0442\u0440. 193-204, (ISBN 978-86-7623-074-7, COBISS.SR-ID&nbsp;513317808), <strong>\u041c31.<\/strong><\/li>\n\n\n\n<li>Je\u010dmeni\u0107, M., <em>Sponsorship contracts<\/em>, (Globalisation and law: collection of papers from the International scientific conference, held on 20-21 april 2017, Ni\u0161, Serbia), str. 483-498, (ISBN 978-86-7148-242-4, COBISS.SR-ID 517664188), <strong>M14.<\/strong><\/li>\n\n\n\n<li>\u0408\u0435\u0447\u043c\u0435\u043d\u0438\u045b, \u041c., <em>\u0421\u0443\u043a\u043e\u0431 \u0438\u043d\u0442\u0435\u0440\u0435\u0441\u0430 \u0438\u0437\u043c\u0435\u0452\u0443 \u0441\u043f\u043e\u0440\u0442\u0438\u0441\u0442\u0430 \u0438 \u0441\u043f\u043e\u0440\u0442\u0441\u043a\u0438\u0445 \u043e\u0440\u0433\u0430\u043d\u0438\u0437\u0430\u0446\u0438\u0458\u0430 \u0443 \u0432\u0435\u0437\u0438 \u0441\u0430 \u043f\u0440\u0430\u0432\u043e\u043c \u043d\u0430 \u043a\u043e\u043c\u0435\u0440\u0446\u0438\u0458\u0430\u043b\u043d\u0443 \u0443\u043f\u043e\u0442\u0440\u0435\u0431\u0443 \u0438\u043c\u0438\u045f\u0430 \u0441\u043f\u043e\u0440\u0442\u0438\u0441\u0442\u0430<\/em>, Harmonius. Journal of Legal and Social Studies in South East Europe, \u0413\u043e\u0434. 7, \u0431\u0440. 1 (2018), \u0441\u0442\u0440. 374-389, (ISSN&nbsp;2334-6566, COBISS.SR-ID&nbsp;270338060), \u0447\u0430\u0441\u043e\u043f\u0438\u0441 \u0458\u0435 \u0438\u043d\u0434\u0435\u043a\u0441\u0438\u0440\u0430\u043d \u0443 \u0431\u0430\u0437\u0438&nbsp;<strong>HEINONLINE.<\/strong><\/li>\n\n\n\n<li>\u0408\u0435\u0447\u043c\u0435\u043d\u0438\u045b, \u041c., <em>\u041d\u0435\u0438\u043c\u0435\u043d\u043e\u0432\u0430\u043d\u0438 \u0443\u0433\u043e\u0432\u043e\u0440\u0438<\/em>, \u0413\u043b\u0430\u0441\u043d\u0438\u043a \u043f\u0440\u0430\u0432\u0430: \u0447\u0430\u0441\u043e\u043f\u0438\u0441 \u0437\u0430 \u043f\u0440\u0430\u0432\u043d\u0443 \u0442\u0435\u043e\u0440\u0438\u0458\u0443 \u0438 \u043f\u0440\u0430\u043a\u0441\u0443, \u0413\u043e\u0434. 9, \u0431\u0440. 1 (2018), \u0441\u0442\u0440. 13-22, <a href=\"http:\/\/www.jura.kg.ac.rs\/index.php\/sr\/gpcir-1-2018.htm\"><u>http:\/\/www.jura.kg.ac.rs\/index.php\/sr\/gpcir-1-2018.htm<\/u><\/a>,&nbsp;(ISSN 1450-8176, COBISS.SR-ID&nbsp;513438128), <strong>\u041c54.<\/strong>&nbsp;<\/li>\n<\/ol>","protected":false},"excerpt":{"rendered":"<p>\u0411\u0438\u043e\u0433\u0440\u0430\u0444\u0438\u0458\u0430 \u0434\u043e\u0446\u0435\u043d\u0442\u0430 \u0434\u0440 \u041c\u0438\u043b\u0430\u043d\u0430 \u0408\u0435\u0447\u043c\u0435\u043d\u0438\u045b\u0430: -\u0414\u0438\u043f\u043b\u043e\u043c\u0438\u0440\u0430\u043e \u0458\u0435 \u043d\u0430 \u041f\u0440\u0430\u0432\u043d\u043e\u043c \u0444\u0430\u043a\u0443\u043b\u0442\u0435\u0442\u0443 \u0443 \u041a\u0440\u0430\u0433\u0443\u0458\u0435\u0432\u0446\u0443, \u0434\u0430\u043d\u0430 27.08.2009. \u0433\u043e\u0434\u0438\u043d\u0435 -\u0414\u043e\u043a\u0442\u043e\u0440\u0441\u043a\u0443 \u0434\u0438\u0441\u0435\u0440\u0442\u0430\u0446\u0438\u0458\u0443 \u201e\u0423\u0433\u043e\u0432\u043e\u0440 \u043e \u0441\u043f\u043e\u043d\u0437\u043e\u0440\u0441\u0442\u0432\u0443\u201c&#8230;<\/p>","protected":false},"author":1,"featured_media":711,"parent":0,"menu_order":0,"comment_status":"closed","ping_status":"closed","template":"","meta":{"footnotes":""},"class_list":["post-845","page","type-page","status-publish","has-post-thumbnail","hentry"],"_links":{"self":[{"href":"https:\/\/advokatgoranmarkovic.com\/en\/wp-json\/wp\/v2\/pages\/845","targetHints":{"allow":["GET"]}}],"collection":[{"href":"https:\/\/advokatgoranmarkovic.com\/en\/wp-json\/wp\/v2\/pages"}],"about":[{"href":"https:\/\/advokatgoranmarkovic.com\/en\/wp-json\/wp\/v2\/types\/page"}],"author":[{"embeddable":true,"href":"https:\/\/advokatgoranmarkovic.com\/en\/wp-json\/wp\/v2\/users\/1"}],"replies":[{"embeddable":true,"href":"https:\/\/advokatgoranmarkovic.com\/en\/wp-json\/wp\/v2\/comments?post=845"}],"version-history":[{"count":6,"href":"https:\/\/advokatgoranmarkovic.com\/en\/wp-json\/wp\/v2\/pages\/845\/revisions"}],"predecessor-version":[{"id":969,"href":"https:\/\/advokatgoranmarkovic.com\/en\/wp-json\/wp\/v2\/pages\/845\/revisions\/969"}],"wp:featuredmedia":[{"embeddable":true,"href":"https:\/\/advokatgoranmarkovic.com\/en\/wp-json\/wp\/v2\/media\/711"}],"wp:attachment":[{"href":"https:\/\/advokatgoranmarkovic.com\/en\/wp-json\/wp\/v2\/media?parent=845"}],"curies":[{"name":"wp","href":"https:\/\/api.w.org\/{rel}","templated":true}]}}